{"id":2343,"date":"2025-07-17T14:28:05","date_gmt":"2025-07-17T12:28:05","guid":{"rendered":"https:\/\/ville-de-fontainenotredame-59.fr\/?page_id=2343"},"modified":"2025-07-17T14:28:05","modified_gmt":"2025-07-17T12:28:05","slug":"decisions-prefectorales","status":"publish","type":"page","link":"https:\/\/ville-de-fontainenotredame-59.fr\/index.php\/decisions-prefectorales\/","title":{"rendered":"D\u00e9cisions pr\u00e9fectorales"},"content":{"rendered":"\n<h2 class=\"wp-block-heading has-text-align-center\">Arr\u00eat\u00e9 prefectoral R\u00eave autos<\/h2>\n\n\n\n<div class=\"wp-block-group is-layout-grid wp-container-core-group-is-layout-478b6e6b wp-block-group-is-layout-grid\">\n<figure class=\"wp-block-image size-large\"><a href=\"https:\/\/ville-de-fontainenotredame-59.fr\/wp-content\/uploads\/2025\/04\/310325-AP-MED-REVEAUTOS-a-FONTAINE-NOTRE-DAME_page-0001-1.jpg\"><img loading=\"lazy\" decoding=\"async\" width=\"724\" height=\"1024\" src=\"http:\/\/ville-de-fontainenotredame-59.fr\/wp-content\/uploads\/2025\/04\/310325-AP-MED-REVEAUTOS-a-FONTAINE-NOTRE-DAME_page-0001-1-724x1024.jpg\" alt=\"\" class=\"wp-image-2303\" srcset=\"https:\/\/ville-de-fontainenotredame-59.fr\/wp-content\/uploads\/2025\/04\/310325-AP-MED-REVEAUTOS-a-FONTAINE-NOTRE-DAME_page-0001-1-724x1024.jpg 724w, https:\/\/ville-de-fontainenotredame-59.fr\/wp-content\/uploads\/2025\/04\/310325-AP-MED-REVEAUTOS-a-FONTAINE-NOTRE-DAME_page-0001-1-212x300.jpg 212w, https:\/\/ville-de-fontainenotredame-59.fr\/wp-content\/uploads\/2025\/04\/310325-AP-MED-REVEAUTOS-a-FONTAINE-NOTRE-DAME_page-0001-1-768x1086.jpg 768w, https:\/\/ville-de-fontainenotredame-59.fr\/wp-content\/uploads\/2025\/04\/310325-AP-MED-REVEAUTOS-a-FONTAINE-NOTRE-DAME_page-0001-1-1086x1536.jpg 1086w, https:\/\/ville-de-fontainenotredame-59.fr\/wp-content\/uploads\/2025\/04\/310325-AP-MED-REVEAUTOS-a-FONTAINE-NOTRE-DAME_page-0001-1-1170x1655.jpg 1170w, https:\/\/ville-de-fontainenotredame-59.fr\/wp-content\/uploads\/2025\/04\/310325-AP-MED-REVEAUTOS-a-FONTAINE-NOTRE-DAME_page-0001-1.jpg 1240w\" sizes=\"auto, (max-width: 724px) 100vw, 724px\" \/><\/a><\/figure>\n\n\n\n<figure class=\"wp-block-image size-large\"><a href=\"https:\/\/ville-de-fontainenotredame-59.fr\/wp-content\/uploads\/2025\/04\/310325-AP-MED-REVEAUTOS-a-FONTAINE-NOTRE-DAME_page-0002.jpg\"><img loading=\"lazy\" decoding=\"async\" width=\"724\" height=\"1024\" src=\"http:\/\/ville-de-fontainenotredame-59.fr\/wp-content\/uploads\/2025\/04\/310325-AP-MED-REVEAUTOS-a-FONTAINE-NOTRE-DAME_page-0002-724x1024.jpg\" alt=\"\" class=\"wp-image-2306\" srcset=\"https:\/\/ville-de-fontainenotredame-59.fr\/wp-content\/uploads\/2025\/04\/310325-AP-MED-REVEAUTOS-a-FONTAINE-NOTRE-DAME_page-0002-724x1024.jpg 724w, https:\/\/ville-de-fontainenotredame-59.fr\/wp-content\/uploads\/2025\/04\/310325-AP-MED-REVEAUTOS-a-FONTAINE-NOTRE-DAME_page-0002-212x300.jpg 212w, https:\/\/ville-de-fontainenotredame-59.fr\/wp-content\/uploads\/2025\/04\/310325-AP-MED-REVEAUTOS-a-FONTAINE-NOTRE-DAME_page-0002-768x1086.jpg 768w, https:\/\/ville-de-fontainenotredame-59.fr\/wp-content\/uploads\/2025\/04\/310325-AP-MED-REVEAUTOS-a-FONTAINE-NOTRE-DAME_page-0002-1086x1536.jpg 1086w, https:\/\/ville-de-fontainenotredame-59.fr\/wp-content\/uploads\/2025\/04\/310325-AP-MED-REVEAUTOS-a-FONTAINE-NOTRE-DAME_page-0002-1170x1655.jpg 1170w, https:\/\/ville-de-fontainenotredame-59.fr\/wp-content\/uploads\/2025\/04\/310325-AP-MED-REVEAUTOS-a-FONTAINE-NOTRE-DAME_page-0002.jpg 1240w\" sizes=\"auto, (max-width: 724px) 100vw, 724px\" \/><\/a><\/figure>\n\n\n\n<figure class=\"wp-block-image size-large\"><a href=\"https:\/\/ville-de-fontainenotredame-59.fr\/wp-content\/uploads\/2025\/04\/310325-AP-MED-REVEAUTOS-a-FONTAINE-NOTRE-DAME_page-0003.jpg\"><img loading=\"lazy\" decoding=\"async\" width=\"724\" height=\"1024\" src=\"http:\/\/ville-de-fontainenotredame-59.fr\/wp-content\/uploads\/2025\/04\/310325-AP-MED-REVEAUTOS-a-FONTAINE-NOTRE-DAME_page-0003-724x1024.jpg\" alt=\"\" class=\"wp-image-2307\" srcset=\"https:\/\/ville-de-fontainenotredame-59.fr\/wp-content\/uploads\/2025\/04\/310325-AP-MED-REVEAUTOS-a-FONTAINE-NOTRE-DAME_page-0003-724x1024.jpg 724w, https:\/\/ville-de-fontainenotredame-59.fr\/wp-content\/uploads\/2025\/04\/310325-AP-MED-REVEAUTOS-a-FONTAINE-NOTRE-DAME_page-0003-212x300.jpg 212w, https:\/\/ville-de-fontainenotredame-59.fr\/wp-content\/uploads\/2025\/04\/310325-AP-MED-REVEAUTOS-a-FONTAINE-NOTRE-DAME_page-0003-768x1086.jpg 768w, https:\/\/ville-de-fontainenotredame-59.fr\/wp-content\/uploads\/2025\/04\/310325-AP-MED-REVEAUTOS-a-FONTAINE-NOTRE-DAME_page-0003-1086x1536.jpg 1086w, https:\/\/ville-de-fontainenotredame-59.fr\/wp-content\/uploads\/2025\/04\/310325-AP-MED-REVEAUTOS-a-FONTAINE-NOTRE-DAME_page-0003-1170x1655.jpg 1170w, https:\/\/ville-de-fontainenotredame-59.fr\/wp-content\/uploads\/2025\/04\/310325-AP-MED-REVEAUTOS-a-FONTAINE-NOTRE-DAME_page-0003.jpg 1240w\" sizes=\"auto, (max-width: 724px) 100vw, 724px\" \/><\/a><\/figure>\n\n\n\n<figure class=\"wp-block-image size-large\"><a href=\"https:\/\/ville-de-fontainenotredame-59.fr\/wp-content\/uploads\/2025\/04\/310325-AP-MED-REVEAUTOS-a-FONTAINE-NOTRE-DAME_page-0004.jpg\"><img loading=\"lazy\" decoding=\"async\" width=\"724\" height=\"1024\" src=\"http:\/\/ville-de-fontainenotredame-59.fr\/wp-content\/uploads\/2025\/04\/310325-AP-MED-REVEAUTOS-a-FONTAINE-NOTRE-DAME_page-0004-724x1024.jpg\" alt=\"\" class=\"wp-image-2308\" srcset=\"https:\/\/ville-de-fontainenotredame-59.fr\/wp-content\/uploads\/2025\/04\/310325-AP-MED-REVEAUTOS-a-FONTAINE-NOTRE-DAME_page-0004-724x1024.jpg 724w, https:\/\/ville-de-fontainenotredame-59.fr\/wp-content\/uploads\/2025\/04\/310325-AP-MED-REVEAUTOS-a-FONTAINE-NOTRE-DAME_page-0004-212x300.jpg 212w, https:\/\/ville-de-fontainenotredame-59.fr\/wp-content\/uploads\/2025\/04\/310325-AP-MED-REVEAUTOS-a-FONTAINE-NOTRE-DAME_page-0004-768x1086.jpg 768w, https:\/\/ville-de-fontainenotredame-59.fr\/wp-content\/uploads\/2025\/04\/310325-AP-MED-REVEAUTOS-a-FONTAINE-NOTRE-DAME_page-0004-1086x1536.jpg 1086w, https:\/\/ville-de-fontainenotredame-59.fr\/wp-content\/uploads\/2025\/04\/310325-AP-MED-REVEAUTOS-a-FONTAINE-NOTRE-DAME_page-0004-1170x1655.jpg 1170w, https:\/\/ville-de-fontainenotredame-59.fr\/wp-content\/uploads\/2025\/04\/310325-AP-MED-REVEAUTOS-a-FONTAINE-NOTRE-DAME_page-0004.jpg 1240w\" sizes=\"auto, (max-width: 724px) 100vw, 724px\" \/><\/a><\/figure>\n\n\n\n<figure class=\"wp-block-image size-large\"><a href=\"https:\/\/ville-de-fontainenotredame-59.fr\/wp-content\/uploads\/2025\/04\/310325-AP-MED-REVEAUTOS-a-FONTAINE-NOTRE-DAME_page-0005.jpg\"><img loading=\"lazy\" decoding=\"async\" width=\"724\" height=\"1024\" src=\"http:\/\/ville-de-fontainenotredame-59.fr\/wp-content\/uploads\/2025\/04\/310325-AP-MED-REVEAUTOS-a-FONTAINE-NOTRE-DAME_page-0005-724x1024.jpg\" alt=\"\" class=\"wp-image-2309\" srcset=\"https:\/\/ville-de-fontainenotredame-59.fr\/wp-content\/uploads\/2025\/04\/310325-AP-MED-REVEAUTOS-a-FONTAINE-NOTRE-DAME_page-0005-724x1024.jpg 724w, https:\/\/ville-de-fontainenotredame-59.fr\/wp-content\/uploads\/2025\/04\/310325-AP-MED-REVEAUTOS-a-FONTAINE-NOTRE-DAME_page-0005-212x300.jpg 212w, https:\/\/ville-de-fontainenotredame-59.fr\/wp-content\/uploads\/2025\/04\/310325-AP-MED-REVEAUTOS-a-FONTAINE-NOTRE-DAME_page-0005-768x1086.jpg 768w, https:\/\/ville-de-fontainenotredame-59.fr\/wp-content\/uploads\/2025\/04\/310325-AP-MED-REVEAUTOS-a-FONTAINE-NOTRE-DAME_page-0005-1086x1536.jpg 1086w, https:\/\/ville-de-fontainenotredame-59.fr\/wp-content\/uploads\/2025\/04\/310325-AP-MED-REVEAUTOS-a-FONTAINE-NOTRE-DAME_page-0005-1170x1655.jpg 1170w, https:\/\/ville-de-fontainenotredame-59.fr\/wp-content\/uploads\/2025\/04\/310325-AP-MED-REVEAUTOS-a-FONTAINE-NOTRE-DAME_page-0005.jpg 1240w\" sizes=\"auto, (max-width: 724px) 100vw, 724px\" \/><\/a><\/figure>\n<\/div>\n","protected":false},"excerpt":{"rendered":"<p>Arr\u00eat\u00e9 prefectoral R\u00eave autos<\/p>\n","protected":false},"author":5,"featured_media":0,"parent":0,"menu_order":0,"comment_status":"closed","ping_status":"closed","template":"","meta":{"_EventAllDay":false,"_EventTimezone":"","_EventStartDate":"","_EventEndDate":"","_EventStartDateUTC":"","_EventEndDateUTC":"","_EventShowMap":false,"_EventShowMapLink":false,"_EventURL":"","_EventCost":"","_EventCostDescription":"","_EventCurrencySymbol":"","_EventCurrencyCode":"","_EventCurrencyPosition":"","_EventDateTimeSeparator":"","_EventTimeRangeSeparator":"","_EventOrganizerID":[],"_EventVenueID":[],"_OrganizerEmail":"","_OrganizerPhone":"","_OrganizerWebsite":"","_VenueAddress":"","_VenueCity":"","_VenueCountry":"","_VenueProvince":"","_VenueState":"","_VenueZip":"","_VenuePhone":"","_VenueURL":"","_VenueStateProvince":"","_VenueLat":"","_VenueLng":"","_VenueShowMap":false,"_VenueShowMapLink":false,"iawp_total_views":0,"footnotes":""},"class_list":["post-2343","page","type-page","status-publish","hentry"],"_links":{"self":[{"href":"https:\/\/ville-de-fontainenotredame-59.fr\/index.php\/wp-json\/wp\/v2\/pages\/2343","targetHints":{"allow":["GET"]}}],"collection":[{"href":"https:\/\/ville-de-fontainenotredame-59.fr\/index.php\/wp-json\/wp\/v2\/pages"}],"about":[{"href":"https:\/\/ville-de-fontainenotredame-59.fr\/index.php\/wp-json\/wp\/v2\/types\/page"}],"author":[{"embeddable":true,"href":"https:\/\/ville-de-fontainenotredame-59.fr\/index.php\/wp-json\/wp\/v2\/users\/5"}],"replies":[{"embeddable":true,"href":"https:\/\/ville-de-fontainenotredame-59.fr\/index.php\/wp-json\/wp\/v2\/comments?post=2343"}],"version-history":[{"count":1,"href":"https:\/\/ville-de-fontainenotredame-59.fr\/index.php\/wp-json\/wp\/v2\/pages\/2343\/revisions"}],"predecessor-version":[{"id":2579,"href":"https:\/\/ville-de-fontainenotredame-59.fr\/index.php\/wp-json\/wp\/v2\/pages\/2343\/revisions\/2579"}],"wp:attachment":[{"href":"https:\/\/ville-de-fontainenotredame-59.fr\/index.php\/wp-json\/wp\/v2\/media?parent=2343"}],"curies":[{"name":"wp","href":"https:\/\/api.w.org\/{rel}","templated":true}]}}